{"id":143,"date":"2025-01-09T00:01:40","date_gmt":"2025-01-09T03:01:40","guid":{"rendered":"https:\/\/modfyapp.com\/?page_id=143"},"modified":"2025-08-04T11:21:50","modified_gmt":"2025-08-04T14:21:50","slug":"baixar","status":"publish","type":"page","link":"https:\/\/modfyapp.com\/pt-br\/baixar\/","title":{"rendered":"Baixar"},"content":{"rendered":"\t\t<div data-elementor-type=\"wp-page\" data-elementor-id=\"143\" class=\"elementor elementor-143\" data-elementor-settings=\"{&quot;element_pack_global_tooltip_width&quot;:{&quot;unit&quot;:&quot;px&quot;,&quot;size&quot;:&quot;&quot;,&quot;sizes&quot;:[]},&quot;element_pack_global_tooltip_width_tablet&quot;:{&quot;unit&quot;:&quot;px&quot;,&quot;size&quot;:&quot;&quot;,&quot;sizes&quot;:[]},&quot;element_pack_global_tooltip_width_mobile&quot;:{&quot;unit&quot;:&quot;px&quot;,&quot;size&quot;:&quot;&quot;,&quot;sizes&quot;:[]},&quot;element_pack_global_tooltip_padding&quot;:{&quot;unit&quot;:&quot;px&quot;,&quot;top&quot;:&quot;&quot;,&quot;right&quot;:&quot;&quot;,&quot;bottom&quot;:&quot;&quot;,&quot;left&quot;:&quot;&quot;,&quot;isLinked&quot;:true},&quot;element_pack_global_tooltip_padding_tablet&quot;:{&quot;unit&quot;:&quot;px&quot;,&quot;top&quot;:&quot;&quot;,&quot;right&quot;:&quot;&quot;,&quot;bottom&quot;:&quot;&quot;,&quot;left&quot;:&quot;&quot;,&quot;isLinked&quot;:true},&quot;element_pack_global_tooltip_padding_mobile&quot;:{&quot;unit&quot;:&quot;px&quot;,&quot;top&quot;:&quot;&quot;,&quot;right&quot;:&quot;&quot;,&quot;bottom&quot;:&quot;&quot;,&quot;left&quot;:&quot;&quot;,&quot;isLinked&quot;:true},&quot;element_pack_global_tooltip_border_radius&quot;:{&quot;unit&quot;:&quot;px&quot;,&quot;top&quot;:&quot;&quot;,&quot;right&quot;:&quot;&quot;,&quot;bottom&quot;:&quot;&quot;,&quot;left&quot;:&quot;&quot;,&quot;isLinked&quot;:true},&quot;element_pack_global_tooltip_border_radius_tablet&quot;:{&quot;unit&quot;:&quot;px&quot;,&quot;top&quot;:&quot;&quot;,&quot;right&quot;:&quot;&quot;,&quot;bottom&quot;:&quot;&quot;,&quot;left&quot;:&quot;&quot;,&quot;isLinked&quot;:true},&quot;element_pack_global_tooltip_border_radius_mobile&quot;:{&quot;unit&quot;:&quot;px&quot;,&quot;top&quot;:&quot;&quot;,&quot;right&quot;:&quot;&quot;,&quot;bottom&quot;:&quot;&quot;,&quot;left&quot;:&quot;&quot;,&quot;isLinked&quot;:true}}\" data-elementor-post-type=\"page\">\n\t\t\t\t<div class=\"elementor-element elementor-element-5a7a48c e-con-full e-flex e-con e-parent\" data-id=\"5a7a48c\" data-element_type=\"container\">\n\t\t\t\t<div class=\"elementor-element elementor-element-f59743e elementor-widget elementor-widget-html\" data-id=\"f59743e\" data-element_type=\"widget\" data-widget_type=\"html.default\">\n\t\t\t\t<div class=\"elementor-widget-container\">\n\t\t\t\t\t<div class=\"download-hero\">\r\n  <h1>Obtenha o ModFy<\/h1>\r\n  <p>Baixe o aplicativo e depois siga os guias abaixo para instalar e conectar seus criadores de mods parceiros.<\/p>\r\n  <div class=\"hero-ctas\">\r\n    <a href=\"https:\/\/app.modfyapp.com\/api\/download\" class=\"btn btn-download\" aria-label=\"Baixar ModFy\">\r\n      <svg xmlns=\"http:\/\/www.w3.org\/2000\/svg\" fill=\"none\"\r\n           stroke=\"currentColor\" stroke-width=\"2\" stroke-linecap=\"round\"\r\n           stroke-linejoin=\"round\" viewBox=\"0 0 24 24\" style=\"width:18px;height:18px;flex-shrink:0;\">\r\n        <path d=\"M4 17h16M12 3v14m0 0l-4-4m4 4l4-4\"\/>\r\n      <\/svg>\r\n      Baixar Aplicativo\r\n    <\/a>\r\n  <\/div>\r\n  <div class=\"quick-links\">\r\n    <a href=\"https:\/\/modfyapp.com\/pt-br\/requisitos-minimos\/\" class=\"quick-link\">Requisitos M\u00ednimos<\/a>\r\n    <a href=\"https:\/\/modfyapp.com\/pt-br\/guia-de-instalacao\/\" class=\"quick-link\">Guia de Instala\u00e7\u00e3o<\/a>\r\n    <a href=\"https:\/\/modfyapp.com\/pt-br\/guia-de-uso-basico\/\" class=\"quick-link\">Como Usar o ModFy<\/a>\r\n  <\/div>\r\n<\/div>\t\t\t\t<\/div>\n\t\t\t\t<\/div>\n\t\t<div class=\"elementor-element elementor-element-6dac6d2 e-grid e-con-boxed e-con e-child\" data-id=\"6dac6d2\" data-element_type=\"container\">\n\t\t\t\t\t<div class=\"e-con-inner\">\n\t\t<div class=\"elementor-element elementor-element-c9ab1ed e-con-full e-flex e-con e-child\" data-id=\"c9ab1ed\" data-element_type=\"container\">\n\t\t\t\t<div class=\"elementor-element elementor-element-a8b2f87 elementor-widget elementor-widget-html\" data-id=\"a8b2f87\" data-element_type=\"widget\" data-widget_type=\"html.default\">\n\t\t\t\t<div class=\"elementor-widget-container\">\n\t\t\t\t\t<style>\r\n\r\n<\/style>\r\n\r\n<div class=\"installation-guide-card\">\r\n  <div style=\"display:flex;align-items:center;gap:12px;\">\r\n    <div class=\"installation-label\">1<\/div>\r\n    <h2 style=\"margin:0;\">Guia de Instala\u00e7\u00e3o<\/h2>\r\n  <\/div>\r\n  <p>Instale o aplicativo ModFy corretamente. Siga o guia de instala\u00e7\u00e3o b\u00e1sica logo abaixo para garantir que tudo funcione.<\/p>\r\n<\/div>\r\n\t\t\t\t<\/div>\n\t\t\t\t<\/div>\n\t\t\t\t<div class=\"elementor-element elementor-element-7b95f7b elementor-posts--align-center elementor-grid-1 elementor-grid-tablet-2 elementor-grid-mobile-1 elementor-posts--thumbnail-top elementor-card-shadow-yes elementor-posts__hover-gradient elementor-widget elementor-widget-posts\" data-id=\"7b95f7b\" data-element_type=\"widget\" data-settings=\"{&quot;cards_columns&quot;:&quot;1&quot;,&quot;cards_columns_tablet&quot;:&quot;2&quot;,&quot;cards_columns_mobile&quot;:&quot;1&quot;,&quot;cards_row_gap&quot;:{&quot;unit&quot;:&quot;px&quot;,&quot;size&quot;:35,&quot;sizes&quot;:[]},&quot;cards_row_gap_tablet&quot;:{&quot;unit&quot;:&quot;px&quot;,&quot;size&quot;:&quot;&quot;,&quot;sizes&quot;:[]},&quot;cards_row_gap_mobile&quot;:{&quot;unit&quot;:&quot;px&quot;,&quot;size&quot;:&quot;&quot;,&quot;sizes&quot;:[]}}\" data-widget_type=\"posts.cards\">\n\t\t\t\t<div class=\"elementor-widget-container\">\n\t\t\t\t\t\t\t<div class=\"elementor-posts-container elementor-posts elementor-posts--skin-cards elementor-grid\">\n\t\t\t\t<article class=\"elementor-post elementor-grid-item post-198 post type-post status-publish format-standard has-post-thumbnail hentry category-guia\">\n\t\t\t<div class=\"elementor-post__card\">\n\t\t\t\t<a class=\"elementor-post__thumbnail__link\" href=\"https:\/\/modfyapp.com\/pt-br\/guia-de-instalacao\/\" tabindex=\"-1\" ><div class=\"elementor-post__thumbnail\"><img fetchpriority=\"high\" decoding=\"async\" width=\"300\" height=\"200\" src=\"https:\/\/modfyapp.com\/wp-content\/uploads\/2025\/01\/ChatGPT-Image-1-de-ago.-de-2025-11_07_57-300x200.webp\" class=\"attachment-medium size-medium wp-image-2131\" alt=\"\" srcset=\"https:\/\/modfyapp.com\/wp-content\/uploads\/2025\/01\/ChatGPT-Image-1-de-ago.-de-2025-11_07_57-300x200.webp 300w, https:\/\/modfyapp.com\/wp-content\/uploads\/2025\/01\/ChatGPT-Image-1-de-ago.-de-2025-11_07_57-1024x683.webp 1024w, https:\/\/modfyapp.com\/wp-content\/uploads\/2025\/01\/ChatGPT-Image-1-de-ago.-de-2025-11_07_57-768x512.webp 768w, https:\/\/modfyapp.com\/wp-content\/uploads\/2025\/01\/ChatGPT-Image-1-de-ago.-de-2025-11_07_57.webp 1536w\" sizes=\"(max-width: 300px) 100vw, 300px\" \/><\/div><\/a>\n\t\t\t\t<div class=\"elementor-post__text\">\n\t\t\t\t<h3 class=\"elementor-post__title\">\n\t\t\t<a href=\"https:\/\/modfyapp.com\/pt-br\/guia-de-instalacao\/\" >\n\t\t\t\tGuia de Instala\u00e7\u00e3o\t\t\t<\/a>\n\t\t<\/h3>\n\t\t\t\t\t<div class=\"elementor-post__read-more-wrapper\">\n\t\t\n\t\t<a class=\"elementor-post__read-more\" href=\"https:\/\/modfyapp.com\/pt-br\/guia-de-instalacao\/\" aria-label=\"Read more about Guia de Instala\u00e7\u00e3o\" tabindex=\"-1\" >\n\t\t\tLeia Mais\t\t<\/a>\n\n\t\t\t\t\t<\/div>\n\t\t\t\t<\/div>\n\t\t\t\t<div class=\"elementor-post__meta-data\">\n\t\t\t\t\t<span class=\"elementor-post-date\">\n\t\t\t01\/08\/2025\t\t<\/span>\n\t\t\t\t<\/div>\n\t\t\t\t\t<\/div>\n\t\t<\/article>\n\t\t\t\t<\/div>\n\t\t\n\t\t\t\t\t\t<\/div>\n\t\t\t\t<\/div>\n\t\t\t\t<\/div>\n\t\t<div class=\"elementor-element elementor-element-fdead5d e-con-full e-flex e-con e-child\" data-id=\"fdead5d\" data-element_type=\"container\">\n\t\t\t\t<div class=\"elementor-element elementor-element-681db85 elementor-widget elementor-widget-html\" data-id=\"681db85\" data-element_type=\"widget\" data-widget_type=\"html.default\">\n\t\t\t\t<div class=\"elementor-widget-container\">\n\t\t\t\t\t<div class=\"basic-use-guide-card\">\r\n  <div style=\"display:flex;align-items:center;gap:12px;\">\r\n    <div class=\"basic-label\">2<\/div>\r\n    <h2 style=\"margin:0;\">Comece a usar<\/h2>\r\n  <\/div>\r\n  <p>Conecte as contas dos seus criadores de mods parceiros e entenda o fluxo. Veja o guia de uso b\u00e1sico logo abaixo antes de prosseguir.<\/p>\r\n<\/div>\r\n\t\t\t\t<\/div>\n\t\t\t\t<\/div>\n\t\t\t\t<div class=\"elementor-element elementor-element-99d3e97 elementor-posts--align-center elementor-grid-1 elementor-grid-tablet-2 elementor-grid-mobile-1 elementor-posts--thumbnail-top elementor-card-shadow-yes elementor-posts__hover-gradient elementor-widget elementor-widget-posts\" data-id=\"99d3e97\" data-element_type=\"widget\" data-settings=\"{&quot;cards_columns&quot;:&quot;1&quot;,&quot;cards_columns_tablet&quot;:&quot;2&quot;,&quot;cards_columns_mobile&quot;:&quot;1&quot;,&quot;cards_row_gap&quot;:{&quot;unit&quot;:&quot;px&quot;,&quot;size&quot;:35,&quot;sizes&quot;:[]},&quot;cards_row_gap_tablet&quot;:{&quot;unit&quot;:&quot;px&quot;,&quot;size&quot;:&quot;&quot;,&quot;sizes&quot;:[]},&quot;cards_row_gap_mobile&quot;:{&quot;unit&quot;:&quot;px&quot;,&quot;size&quot;:&quot;&quot;,&quot;sizes&quot;:[]}}\" data-widget_type=\"posts.cards\">\n\t\t\t\t<div class=\"elementor-widget-container\">\n\t\t\t\t\t\t\t<div class=\"elementor-posts-container elementor-posts elementor-posts--skin-cards elementor-grid\">\n\t\t\t\t<article class=\"elementor-post elementor-grid-item post-2145 post type-post status-publish format-standard has-post-thumbnail hentry category-guia\">\n\t\t\t<div class=\"elementor-post__card\">\n\t\t\t\t<a class=\"elementor-post__thumbnail__link\" href=\"https:\/\/modfyapp.com\/pt-br\/guia-de-uso-basico\/\" tabindex=\"-1\" ><div class=\"elementor-post__thumbnail\"><img decoding=\"async\" width=\"300\" height=\"200\" src=\"https:\/\/modfyapp.com\/wp-content\/uploads\/2025\/08\/ChatGPT-Image-1-de-ago.-de-2025-17_36_42-300x200.webp\" class=\"attachment-medium size-medium wp-image-2147\" alt=\"\" srcset=\"https:\/\/modfyapp.com\/wp-content\/uploads\/2025\/08\/ChatGPT-Image-1-de-ago.-de-2025-17_36_42-300x200.webp 300w, https:\/\/modfyapp.com\/wp-content\/uploads\/2025\/08\/ChatGPT-Image-1-de-ago.-de-2025-17_36_42-1024x683.webp 1024w, https:\/\/modfyapp.com\/wp-content\/uploads\/2025\/08\/ChatGPT-Image-1-de-ago.-de-2025-17_36_42-768x512.webp 768w, https:\/\/modfyapp.com\/wp-content\/uploads\/2025\/08\/ChatGPT-Image-1-de-ago.-de-2025-17_36_42.webp 1536w\" sizes=\"(max-width: 300px) 100vw, 300px\" \/><\/div><\/a>\n\t\t\t\t<div class=\"elementor-post__text\">\n\t\t\t\t<h3 class=\"elementor-post__title\">\n\t\t\t<a href=\"https:\/\/modfyapp.com\/pt-br\/guia-de-uso-basico\/\" >\n\t\t\t\tGuia de Uso B\u00e1sico\t\t\t<\/a>\n\t\t<\/h3>\n\t\t\t\t\t<div class=\"elementor-post__read-more-wrapper\">\n\t\t\n\t\t<a class=\"elementor-post__read-more\" href=\"https:\/\/modfyapp.com\/pt-br\/guia-de-uso-basico\/\" aria-label=\"Read more about Guia de Uso B\u00e1sico\" tabindex=\"-1\" >\n\t\t\tLeia Mais\t\t<\/a>\n\n\t\t\t\t\t<\/div>\n\t\t\t\t<\/div>\n\t\t\t\t<div class=\"elementor-post__meta-data\">\n\t\t\t\t\t<span class=\"elementor-post-date\">\n\t\t\t01\/08\/2025\t\t<\/span>\n\t\t\t\t<\/div>\n\t\t\t\t\t<\/div>\n\t\t<\/article>\n\t\t\t\t<\/div>\n\t\t\n\t\t\t\t\t\t<\/div>\n\t\t\t\t<\/div>\n\t\t\t\t<\/div>\n\t\t\t\t\t<\/div>\n\t\t\t\t<\/div>\n\t\t<div class=\"elementor-element elementor-element-6a8aa5d e-flex e-con-boxed e-con e-child\" data-id=\"6a8aa5d\" data-element_type=\"container\">\n\t\t\t\t\t<div class=\"e-con-inner\">\n\t\t\t\t<div class=\"elementor-element elementor-element-0a1e8a5 elementor-widget elementor-widget-text-editor\" data-id=\"0a1e8a5\" data-element_type=\"widget\" data-widget_type=\"text-editor.default\">\n\t\t\t\t<div class=\"elementor-widget-container\">\n\t\t\t\t\t\t\t\t\t<h2 style=\"text-align: center; font-size: 50px;\"><strong>Suporte R\u00e1pido<\/strong><\/h2>\t\t\t\t\t\t\t\t<\/div>\n\t\t\t\t<\/div>\n\t\t\t\t<div class=\"elementor-element elementor-element-a7f1638 elementor-posts--align-center elementor-grid-3 elementor-grid-tablet-2 elementor-grid-mobile-1 elementor-posts--thumbnail-top elementor-card-shadow-yes elementor-posts__hover-gradient elementor-widget elementor-widget-posts\" data-id=\"a7f1638\" data-element_type=\"widget\" data-settings=\"{&quot;cards_columns&quot;:&quot;3&quot;,&quot;cards_columns_tablet&quot;:&quot;2&quot;,&quot;cards_columns_mobile&quot;:&quot;1&quot;,&quot;cards_row_gap&quot;:{&quot;unit&quot;:&quot;px&quot;,&quot;size&quot;:35,&quot;sizes&quot;:[]},&quot;cards_row_gap_tablet&quot;:{&quot;unit&quot;:&quot;px&quot;,&quot;size&quot;:&quot;&quot;,&quot;sizes&quot;:[]},&quot;cards_row_gap_mobile&quot;:{&quot;unit&quot;:&quot;px&quot;,&quot;size&quot;:&quot;&quot;,&quot;sizes&quot;:[]}}\" data-widget_type=\"posts.cards\">\n\t\t\t\t<div class=\"elementor-widget-container\">\n\t\t\t\t\t\t\t<div class=\"elementor-posts-container elementor-posts elementor-posts--skin-cards elementor-grid\">\n\t\t\t\t<article class=\"elementor-post elementor-grid-item post-1417 post type-post status-publish format-standard has-post-thumbnail hentry category-suporte\">\n\t\t\t<div class=\"elementor-post__card\">\n\t\t\t\t<a class=\"elementor-post__thumbnail__link\" href=\"https:\/\/modfyapp.com\/pt-br\/erro-11309\/\" tabindex=\"-1\" ><div class=\"elementor-post__thumbnail\"><img decoding=\"async\" width=\"300\" height=\"200\" src=\"https:\/\/modfyapp.com\/wp-content\/uploads\/2025\/07\/ChatGPT-Image-26-de-jul.-de-2025-03_43_39-300x200.webp\" class=\"attachment-medium size-medium wp-image-1420\" alt=\"\" srcset=\"https:\/\/modfyapp.com\/wp-content\/uploads\/2025\/07\/ChatGPT-Image-26-de-jul.-de-2025-03_43_39-300x200.webp 300w, https:\/\/modfyapp.com\/wp-content\/uploads\/2025\/07\/ChatGPT-Image-26-de-jul.-de-2025-03_43_39-1024x683.webp 1024w, https:\/\/modfyapp.com\/wp-content\/uploads\/2025\/07\/ChatGPT-Image-26-de-jul.-de-2025-03_43_39-768x512.webp 768w, https:\/\/modfyapp.com\/wp-content\/uploads\/2025\/07\/ChatGPT-Image-26-de-jul.-de-2025-03_43_39.webp 1536w\" sizes=\"(max-width: 300px) 100vw, 300px\" \/><\/div><\/a>\n\t\t\t\t<div class=\"elementor-post__text\">\n\t\t\t\t<h3 class=\"elementor-post__title\">\n\t\t\t<a href=\"https:\/\/modfyapp.com\/pt-br\/erro-11309\/\" >\n\t\t\t\tErro 11309\t\t\t<\/a>\n\t\t<\/h3>\n\t\t\t\t\t<div class=\"elementor-post__read-more-wrapper\">\n\t\t\n\t\t<a class=\"elementor-post__read-more\" href=\"https:\/\/modfyapp.com\/pt-br\/erro-11309\/\" aria-label=\"Read more about Erro 11309\" tabindex=\"-1\" >\n\t\t\tLeia Mais\t\t<\/a>\n\n\t\t\t\t\t<\/div>\n\t\t\t\t<\/div>\n\t\t\t\t<div class=\"elementor-post__meta-data\">\n\t\t\t\t\t<span class=\"elementor-post-date\">\n\t\t\t26\/07\/2025\t\t<\/span>\n\t\t\t\t<\/div>\n\t\t\t\t\t<\/div>\n\t\t<\/article>\n\t\t\t\t<article class=\"elementor-post elementor-grid-item post-168 post type-post status-publish format-standard has-post-thumbnail hentry category-suporte\">\n\t\t\t<div class=\"elementor-post__card\">\n\t\t\t\t<a class=\"elementor-post__thumbnail__link\" href=\"https:\/\/modfyapp.com\/pt-br\/mod-incompativel\/\" tabindex=\"-1\" ><div class=\"elementor-post__thumbnail\"><img loading=\"lazy\" decoding=\"async\" width=\"300\" height=\"200\" src=\"https:\/\/modfyapp.com\/wp-content\/uploads\/2025\/01\/ChatGPT-Image-25-de-jul.-de-2025-11_16_58-300x200.webp\" class=\"attachment-medium size-medium wp-image-1350\" alt=\"\" srcset=\"https:\/\/modfyapp.com\/wp-content\/uploads\/2025\/01\/ChatGPT-Image-25-de-jul.-de-2025-11_16_58-300x200.webp 300w, https:\/\/modfyapp.com\/wp-content\/uploads\/2025\/01\/ChatGPT-Image-25-de-jul.-de-2025-11_16_58-1024x683.webp 1024w, https:\/\/modfyapp.com\/wp-content\/uploads\/2025\/01\/ChatGPT-Image-25-de-jul.-de-2025-11_16_58-768x512.webp 768w, https:\/\/modfyapp.com\/wp-content\/uploads\/2025\/01\/ChatGPT-Image-25-de-jul.-de-2025-11_16_58.webp 1536w\" sizes=\"(max-width: 300px) 100vw, 300px\" \/><\/div><\/a>\n\t\t\t\t<div class=\"elementor-post__text\">\n\t\t\t\t<h3 class=\"elementor-post__title\">\n\t\t\t<a href=\"https:\/\/modfyapp.com\/pt-br\/mod-incompativel\/\" >\n\t\t\t\tMod Incompat\u00edvel\t\t\t<\/a>\n\t\t<\/h3>\n\t\t\t\t\t<div class=\"elementor-post__read-more-wrapper\">\n\t\t\n\t\t<a class=\"elementor-post__read-more\" href=\"https:\/\/modfyapp.com\/pt-br\/mod-incompativel\/\" aria-label=\"Read more about Mod Incompat\u00edvel\" tabindex=\"-1\" >\n\t\t\tLeia Mais\t\t<\/a>\n\n\t\t\t\t\t<\/div>\n\t\t\t\t<\/div>\n\t\t\t\t<div class=\"elementor-post__meta-data\">\n\t\t\t\t\t<span class=\"elementor-post-date\">\n\t\t\t25\/07\/2025\t\t<\/span>\n\t\t\t\t<\/div>\n\t\t\t\t\t<\/div>\n\t\t<\/article>\n\t\t\t\t<article class=\"elementor-post elementor-grid-item post-173 post type-post status-publish format-standard has-post-thumbnail hentry category-suporte\">\n\t\t\t<div class=\"elementor-post__card\">\n\t\t\t\t<a class=\"elementor-post__thumbnail__link\" href=\"https:\/\/modfyapp.com\/pt-br\/erro-1053-instalacao\/\" tabindex=\"-1\" ><div class=\"elementor-post__thumbnail\"><img loading=\"lazy\" decoding=\"async\" width=\"300\" height=\"200\" src=\"https:\/\/modfyapp.com\/wp-content\/uploads\/2025\/01\/ChatGPT-Image-25-de-jul.-de-2025-14_05_06-300x200.webp\" class=\"attachment-medium size-medium wp-image-1402\" alt=\"\" srcset=\"https:\/\/modfyapp.com\/wp-content\/uploads\/2025\/01\/ChatGPT-Image-25-de-jul.-de-2025-14_05_06-300x200.webp 300w, https:\/\/modfyapp.com\/wp-content\/uploads\/2025\/01\/ChatGPT-Image-25-de-jul.-de-2025-14_05_06-1024x683.jpg 1024w, https:\/\/modfyapp.com\/wp-content\/uploads\/2025\/01\/ChatGPT-Image-25-de-jul.-de-2025-14_05_06-768x512.jpg 768w, https:\/\/modfyapp.com\/wp-content\/uploads\/2025\/01\/ChatGPT-Image-25-de-jul.-de-2025-14_05_06.webp 1536w\" sizes=\"(max-width: 300px) 100vw, 300px\" \/><\/div><\/a>\n\t\t\t\t<div class=\"elementor-post__text\">\n\t\t\t\t<h3 class=\"elementor-post__title\">\n\t\t\t<a href=\"https:\/\/modfyapp.com\/pt-br\/erro-1053-instalacao\/\" >\n\t\t\t\tErro 1053 na instala\u00e7\u00e3o\t\t\t<\/a>\n\t\t<\/h3>\n\t\t\t\t\t<div class=\"elementor-post__read-more-wrapper\">\n\t\t\n\t\t<a class=\"elementor-post__read-more\" href=\"https:\/\/modfyapp.com\/pt-br\/erro-1053-instalacao\/\" aria-label=\"Read more about Erro 1053 na instala\u00e7\u00e3o\" tabindex=\"-1\" >\n\t\t\tLeia Mais\t\t<\/a>\n\n\t\t\t\t\t<\/div>\n\t\t\t\t<\/div>\n\t\t\t\t<div class=\"elementor-post__meta-data\">\n\t\t\t\t\t<span class=\"elementor-post-date\">\n\t\t\t25\/07\/2025\t\t<\/span>\n\t\t\t\t<\/div>\n\t\t\t\t\t<\/div>\n\t\t<\/article>\n\t\t\t\t<\/div>\n\t\t\n\t\t\t\t\t\t<\/div>\n\t\t\t\t<\/div>\n\t\t\t\t\t<\/div>\n\t\t\t\t<\/div>\n\t\t<div class=\"elementor-element elementor-element-c5f77dd e-flex e-con-boxed e-con e-child\" data-id=\"c5f77dd\" data-element_type=\"container\" data-settings=\"{&quot;background_background&quot;:&quot;classic&quot;}\">\n\t\t\t\t\t<div class=\"e-con-inner\">\n\t\t\t\t<div class=\"elementor-element elementor-element-c2fef26 elementor-widget elementor-widget-html\" data-id=\"c2fef26\" data-element_type=\"widget\" data-widget_type=\"html.default\">\n\t\t\t\t<div class=\"elementor-widget-container\">\n\t\t\t\t\t<div class=\"content-wrapper\">\r\n  <div class=\"support-final\">\r\n    <div class=\"support-pill\">\r\n      Precisa de suporte? <a href=\"https:\/\/modfyapp.com\/pt-br\/centro-de-suporte\/\">Fale com a equipe<\/a>\r\n    <\/div>\r\n    <div class=\"support-pill\">\r\n      D\u00favidas comuns? <a href=\"https:\/\/modfyapp.com\/pt-br\/categoria\/faq\/\">Ver FAQ<\/a>\r\n    <\/div>\r\n    <div class=\"support-pill\">\r\n      Todos Guias: <a href=\"https:\/\/modfyapp.com\/pt-br\/categoria\/guia\/\">Ver Guias<\/a>\r\n    <\/div>\r\n  <\/div>\r\n<\/div>\r\n\t\t\t\t<\/div>\n\t\t\t\t<\/div>\n\t\t\t\t\t<\/div>\n\t\t\t\t<\/div>\n\t\t\t\t<\/div>\n\t\t\t\t<\/div>\n\t\t","protected":false},"excerpt":{"rendered":"<p>Obtenha o ModFy Baixe o aplicativo e depois siga os guias abaixo para instalar e conectar seus criadores de mods parceiros. Baixar Aplicativo Requisitos M\u00ednimos<\/p>\n","protected":false},"author":1,"featured_media":0,"parent":0,"menu_order":0,"comment_status":"closed","ping_status":"closed","template":"","meta":{"inline_featured_image":false,"footnotes":""},"class_list":["post-143","page","type-page","status-publish","hentry"],"_links":{"self":[{"href":"https:\/\/modfyapp.com\/pt-br\/wp-json\/wp\/v2\/pages\/143","targetHints":{"allow":["GET"]}}],"collection":[{"href":"https:\/\/modfyapp.com\/pt-br\/wp-json\/wp\/v2\/pages"}],"about":[{"href":"https:\/\/modfyapp.com\/pt-br\/wp-json\/wp\/v2\/types\/page"}],"author":[{"embeddable":true,"href":"https:\/\/modfyapp.com\/pt-br\/wp-json\/wp\/v2\/users\/1"}],"replies":[{"embeddable":true,"href":"https:\/\/modfyapp.com\/pt-br\/wp-json\/wp\/v2\/comments?post=143"}],"version-history":[{"count":83,"href":"https:\/\/modfyapp.com\/pt-br\/wp-json\/wp\/v2\/pages\/143\/revisions"}],"predecessor-version":[{"id":2330,"href":"https:\/\/modfyapp.com\/pt-br\/wp-json\/wp\/v2\/pages\/143\/revisions\/2330"}],"wp:attachment":[{"href":"https:\/\/modfyapp.com\/pt-br\/wp-json\/wp\/v2\/media?parent=143"}],"curies":[{"name":"wp","href":"https:\/\/api.w.org\/{rel}","templated":true}]}}